{"id":143,"date":"2012-05-06T10:45:05","date_gmt":"2012-05-06T10:45:05","guid":{"rendered":"https:\/\/newgeneration5479.live-website.com\/?page_id=143"},"modified":"2019-07-30T09:54:31","modified_gmt":"2019-07-30T09:54:31","slug":"chorleiter","status":"publish","type":"page","link":"https:\/\/newgeneration-burg.de\/?page_id=143","title":{"rendered":"Chorleiter"},"content":{"rendered":"<p>Sandra Sauerwald<br \/>\n<em>Chorleiterin von DoReMi und Da Capo<\/em><\/p>\n<p><a href=\"https:\/\/newgeneration5479.live-website.com\/wp-content\/uploads\/2019\/07\/Portraitbild-2019.jpg\"><img loading=\"lazy\" decoding=\"async\" class=\"alignleft size-medium wp-image-851\" src=\"https:\/\/newgeneration5479.live-website.com\/wp-content\/uploads\/2019\/07\/Portraitbild-2019-225x300.jpg\" alt=\"\" width=\"225\" height=\"300\" srcset=\"https:\/\/newgeneration-burg.de\/wp-content\/uploads\/2019\/07\/Portraitbild-2019-225x300.jpg 225w, https:\/\/newgeneration-burg.de\/wp-content\/uploads\/2019\/07\/Portraitbild-2019-768x1024.jpg 768w, https:\/\/newgeneration-burg.de\/wp-content\/uploads\/2019\/07\/Portraitbild-2019.jpg 1181w\" sizes=\"auto, (max-width: 225px) 100vw, 225px\" \/><\/a>Sandra wurde 1974 in eine sehr musikalische Familie hineingeboren. Bereits im zarten Alter von drei Jahren eiferte sie ihrer gro\u00dfen Schwester nach und versuchte sich erstmals an deren Akkordeon. Es folgte eine langj\u00e4hrige Mitgliedschaft im Akkordeon-Club Herborn-Seelbach sowie ein kurzes Gastspiel bei den Dernbachtaler Musikanten.<br \/>\nSandra ist seit vielen Jahren eine feste Gr\u00f6\u00dfe innerhalb der musikalischen Jugendarbeit in Burg. Sie versteht es, sich auf die Kinder und Jugendlichen einzustellen und mit ihnen altersgerecht entsprechende Chorliteratur einzustudieren. Bereits beim Gesangverein <em>Gutenberg Burg 1832 e.V.<\/em> zeichnete sie f\u00fcr den Nachwuchs verantwortlich. Ihre T\u00e4tigkeit als Chorleiterin begann 2001 mit der Gr\u00fcndung der <em>Gutenberg-Kids<\/em>, aus denen drei Jahre sp\u00e4ter die <em>GV Generation<\/em> hervorging. 2006 musste der weiterhin bestehende Kinderchor aufgrund des starken Zuspruchs in die<em> Gutenberg-Kids I<\/em> und <em>II<\/em> geteilt werden, sodass Sandra fortan drei Ch\u00f6re leitete. Im selben Jahr absolvierte sie ihren Chorleiter-Lehrgang bei der ev. Kirchengemeinde unter der Leitung von Herrn Karl-Peter Chilla.<br \/>\nNach der Trennung vom <em>GVG<\/em> und der Gr\u00fcndung des <em>New Generation e.V. Burg<\/em> 2008 \u00fcbernahm sie neben der Leitung der Nachwuchsch\u00f6re auch das Dirigat des Erwachsenenchores und konnte seitdem zahlreiche Erfolge verbuchen.<br \/>\nVon Oktober 2010 bis M\u00e4rz 2011 leitete Sandra \u00fcbergangsweise die <em>Ohrw\u00fcrmer Werdorf<\/em>.<br \/>\nEnde April 2012 hat sie die Leitung des Erwachsenenchores <em>New Generation<\/em> abgegeben und sich mit dem Maiansingen offiziell von ihren Gro\u00dfen verabschiedet. Sie wird sich von nun an wieder voll und ganz der Nachwuchsf\u00f6rderung widmen.<\/p>\n<p>&nbsp;<\/p>\n<p>&nbsp;<\/p>\n","protected":false},"excerpt":{"rendered":"<p>Sandra Sauerwald Chorleiterin von DoReMi und Da Capo Sandra wurde 1974 in eine sehr musikalische Familie hineingeboren. Bereits im zarten Alter von drei Jahren eiferte sie ihrer gro\u00dfen Schwester nach und versuchte sich erstmals an deren Akkordeon. Es folgte eine &hellip; <a href=\"https:\/\/newgeneration-burg.de\/?page_id=143\">Weiterlesen <span class=\"meta-nav\">&rarr;<\/span><\/a><\/p>\n","protected":false},"author":6,"featured_media":0,"parent":0,"menu_order":2,"comment_status":"closed","ping_status":"closed","template":"","meta":{"ngg_post_thumbnail":0,"footnotes":""},"class_list":["post-143","page","type-page","status-publish","hentry"],"_links":{"self":[{"href":"https:\/\/newgeneration-burg.de\/index.php?rest_route=\/wp\/v2\/pages\/143","targetHints":{"allow":["GET"]}}],"collection":[{"href":"https:\/\/newgeneration-burg.de\/index.php?rest_route=\/wp\/v2\/pages"}],"about":[{"href":"https:\/\/newgeneration-burg.de\/index.php?rest_route=\/wp\/v2\/types\/page"}],"author":[{"embeddable":true,"href":"https:\/\/newgeneration-burg.de\/index.php?rest_route=\/wp\/v2\/users\/6"}],"replies":[{"embeddable":true,"href":"https:\/\/newgeneration-burg.de\/index.php?rest_route=%2Fwp%2Fv2%2Fcomments&post=143"}],"version-history":[{"count":32,"href":"https:\/\/newgeneration-burg.de\/index.php?rest_route=\/wp\/v2\/pages\/143\/revisions"}],"predecessor-version":[{"id":853,"href":"https:\/\/newgeneration-burg.de\/index.php?rest_route=\/wp\/v2\/pages\/143\/revisions\/853"}],"wp:attachment":[{"href":"https:\/\/newgeneration-burg.de\/index.php?rest_route=%2Fwp%2Fv2%2Fmedia&parent=143"}],"curies":[{"name":"wp","href":"https:\/\/api.w.org\/{rel}","templated":true}]}}