{"id":16,"date":"2012-05-04T19:26:05","date_gmt":"2012-05-04T19:26:05","guid":{"rendered":"https:\/\/newgeneration5479.live-website.com\/?page_id=16"},"modified":"2024-12-19T11:00:51","modified_gmt":"2024-12-19T11:00:51","slug":"da-capo-2","status":"publish","type":"page","link":"https:\/\/newgeneration-burg.de\/?page_id=16","title":{"rendered":"Da Capo"},"content":{"rendered":"<p>Unser Jugendchor besteht derzeit aus etwa 10 aktiven S\u00e4ngerinnen und S\u00e4ngern im Alter von 9 bis 15 Jahren. Die Gruppe\u00a0 verf\u00fcgt mittlerweile \u00fcber ein umfassendes Repertoire aus deutschen und englischsprachigen St\u00fccken und arbeitet seit einiger Zeit auch verst\u00e4rkt an der Ausbildung von Solo- oder mehrstimmigem Chorgesang.Neben den Gastauftritten, die <em>Da Capo<\/em> jedes Jahr bestreitet, bereichern unsere Jugendlichen vor allem auch die vereinsinternen Veranstaltungen und sind stets mit viel Engagement dabei. Aber auch ein erstes, eigenes, abendf\u00fcllendes Konzert haben unsere jungen S\u00e4ngerinnen und S\u00e4nger bereits bestritten.<img loading=\"lazy\" decoding=\"async\" class=\"aligncenter size-large wp-image-967\" src=\"https:\/\/newgeneration5479.live-website.com\/wp-content\/uploads\/2024\/12\/Da-Capo-2024-1024x768.jpg\" alt=\"\" width=\"640\" height=\"480\" srcset=\"https:\/\/newgeneration-burg.de\/wp-content\/uploads\/2024\/12\/Da-Capo-2024-1024x768.jpg 1024w, https:\/\/newgeneration-burg.de\/wp-content\/uploads\/2024\/12\/Da-Capo-2024-300x225.jpg 300w, https:\/\/newgeneration-burg.de\/wp-content\/uploads\/2024\/12\/Da-Capo-2024-768x576.jpg 768w\" sizes=\"auto, (max-width: 640px) 100vw, 640px\" \/><\/p>\n<p>Aktuelle Informationen erhalten Interessierte telefonisch unter 02772\/998075 bei der Chorleiterin Sandra Sauerwald.<\/p>\n","protected":false},"excerpt":{"rendered":"<p>Unser Jugendchor besteht derzeit aus etwa 10 aktiven S\u00e4ngerinnen und S\u00e4ngern im Alter von 9 bis 15 Jahren. Die Gruppe\u00a0 verf\u00fcgt mittlerweile \u00fcber ein umfassendes Repertoire aus deutschen und englischsprachigen St\u00fccken und arbeitet seit einiger Zeit auch verst\u00e4rkt an der &hellip; <a href=\"https:\/\/newgeneration-burg.de\/?page_id=16\">Weiterlesen <span class=\"meta-nav\">&rarr;<\/span><\/a><\/p>\n","protected":false},"author":6,"featured_media":0,"parent":0,"menu_order":5,"comment_status":"closed","ping_status":"closed","template":"","meta":{"ngg_post_thumbnail":0,"footnotes":""},"class_list":["post-16","page","type-page","status-publish","hentry"],"_links":{"self":[{"href":"https:\/\/newgeneration-burg.de\/index.php?rest_route=\/wp\/v2\/pages\/16","targetHints":{"allow":["GET"]}}],"collection":[{"href":"https:\/\/newgeneration-burg.de\/index.php?rest_route=\/wp\/v2\/pages"}],"about":[{"href":"https:\/\/newgeneration-burg.de\/index.php?rest_route=\/wp\/v2\/types\/page"}],"author":[{"embeddable":true,"href":"https:\/\/newgeneration-burg.de\/index.php?rest_route=\/wp\/v2\/users\/6"}],"replies":[{"embeddable":true,"href":"https:\/\/newgeneration-burg.de\/index.php?rest_route=%2Fwp%2Fv2%2Fcomments&post=16"}],"version-history":[{"count":31,"href":"https:\/\/newgeneration-burg.de\/index.php?rest_route=\/wp\/v2\/pages\/16\/revisions"}],"predecessor-version":[{"id":973,"href":"https:\/\/newgeneration-burg.de\/index.php?rest_route=\/wp\/v2\/pages\/16\/revisions\/973"}],"wp:attachment":[{"href":"https:\/\/newgeneration-burg.de\/index.php?rest_route=%2Fwp%2Fv2%2Fmedia&parent=16"}],"curies":[{"name":"wp","href":"https:\/\/api.w.org\/{rel}","templated":true}]}}