{"id":25,"date":"2012-05-04T19:30:40","date_gmt":"2012-05-04T19:30:40","guid":{"rendered":"https:\/\/newgeneration5479.live-website.com\/?page_id=25"},"modified":"2019-07-30T12:33:49","modified_gmt":"2019-07-30T12:33:49","slug":"queenpearls","status":"publish","type":"page","link":"https:\/\/newgeneration-burg.de\/?page_id=25","title":{"rendered":"Queenpearls"},"content":{"rendered":"<p>&nbsp;<\/p>\n<p>Die Tanzgruppe <em>Queenpearls<\/em> fand sich im Sommer 2009 zusammen. Die anfangs neun T\u00e4nzerinnen, die gr\u00f6\u00dftenteils bereits \u00fcber langj\u00e4hrige Erfahrungen verf\u00fcgten und auch fr\u00fcher schon gemeinsam auf der B\u00fchne gestanden hatten (etwa bei den Burger Funken oder in <a href=\"https:\/\/newgeneration5479.live-website.com\/wp-content\/uploads\/2012\/05\/Queenpearls_froheweihnachten1.jpg\"><img loading=\"lazy\" decoding=\"async\" class=\"size-medium wp-image-479 alignleft\" title=\"Queenpearls_froheweihnachten\" src=\"https:\/\/newgeneration5479.live-website.com\/wp-content\/uploads\/2012\/05\/Queenpearls_froheweihnachten1-300x225.jpg\" alt=\"\" width=\"300\" height=\"225\" srcset=\"https:\/\/newgeneration-burg.de\/wp-content\/uploads\/2012\/05\/Queenpearls_froheweihnachten1-300x225.jpg 300w, https:\/\/newgeneration-burg.de\/wp-content\/uploads\/2012\/05\/Queenpearls_froheweihnachten1.jpg 500w\" sizes=\"auto, (max-width: 300px) 100vw, 300px\" \/><\/a>diversen Jazztanz-Gruppen), erarbeiteten die T\u00e4nze anfangs in Eigenregie und haben unsere Vereinsveranstaltungen enorm bereichert.<\/p>\n<p>Die choreografische Leitung lag von 2010 bis 2012 in den H\u00e4nden von Janina Proske.<\/p>\n","protected":false},"excerpt":{"rendered":"<p>&nbsp; Die Tanzgruppe Queenpearls fand sich im Sommer 2009 zusammen. Die anfangs neun T\u00e4nzerinnen, die gr\u00f6\u00dftenteils bereits \u00fcber langj\u00e4hrige Erfahrungen verf\u00fcgten und auch fr\u00fcher schon gemeinsam auf der B\u00fchne gestanden hatten (etwa bei den Burger Funken oder in diversen Jazztanz-Gruppen), &hellip; <a href=\"https:\/\/newgeneration-burg.de\/?page_id=25\">Weiterlesen <span class=\"meta-nav\">&rarr;<\/span><\/a><\/p>\n","protected":false},"author":6,"featured_media":0,"parent":0,"menu_order":7,"comment_status":"closed","ping_status":"closed","template":"","meta":{"ngg_post_thumbnail":0,"footnotes":""},"class_list":["post-25","page","type-page","status-publish","hentry"],"_links":{"self":[{"href":"https:\/\/newgeneration-burg.de\/index.php?rest_route=\/wp\/v2\/pages\/25","targetHints":{"allow":["GET"]}}],"collection":[{"href":"https:\/\/newgeneration-burg.de\/index.php?rest_route=\/wp\/v2\/pages"}],"about":[{"href":"https:\/\/newgeneration-burg.de\/index.php?rest_route=\/wp\/v2\/types\/page"}],"author":[{"embeddable":true,"href":"https:\/\/newgeneration-burg.de\/index.php?rest_route=\/wp\/v2\/users\/6"}],"replies":[{"embeddable":true,"href":"https:\/\/newgeneration-burg.de\/index.php?rest_route=%2Fwp%2Fv2%2Fcomments&post=25"}],"version-history":[{"count":27,"href":"https:\/\/newgeneration-burg.de\/index.php?rest_route=\/wp\/v2\/pages\/25\/revisions"}],"predecessor-version":[{"id":860,"href":"https:\/\/newgeneration-burg.de\/index.php?rest_route=\/wp\/v2\/pages\/25\/revisions\/860"}],"wp:attachment":[{"href":"https:\/\/newgeneration-burg.de\/index.php?rest_route=%2Fwp%2Fv2%2Fmedia&parent=25"}],"curies":[{"name":"wp","href":"https:\/\/api.w.org\/{rel}","templated":true}]}}