{"id":30,"date":"2012-05-05T09:20:34","date_gmt":"2012-05-05T09:20:34","guid":{"rendered":"https:\/\/newgeneration5479.live-website.com\/?page_id=30"},"modified":"2019-10-22T14:30:50","modified_gmt":"2019-10-22T14:30:50","slug":"uber-uns","status":"publish","type":"page","link":"https:\/\/newgeneration-burg.de\/?page_id=30","title":{"rendered":"\u00dcber uns"},"content":{"rendered":"<p><em>New Generation e.V. Burg<\/em> besteht seit dem 02. M\u00e4rz 2008. Unser Konzept ist stark auf die Nachwuchsarbeit ausgerichtet, weshalb der Verein momentan aus dem Kinderchor <em>DoReMi<\/em> und dem Jugendchor <em>Da Capo<\/em> mit insgesamt etwa 50 jungen S\u00e4ngerinnen und S\u00e4ngern besteht. Von 2009 bis 2012 war zudem die Tanzgruppe <em>Queenpearls<\/em> fester Bestandteil des Vereins.<\/p>\n<p>Die Zahl unserer Mitglieder ist stabil und wir k\u00f6nnen mittlerweile auf eine ganze Reihe erfolgreich gemeisterter Veranstaltungen zur\u00fcckblicken. Nur sechs Monate nach unserer Gr\u00fcndung absolvierte der Erwachsenenchor New Generation das erste Konzert im ausverkauften Festsaal des Herborner Rehbergparks. 2009 und 2010 begeisterten wir mit unserem Projekt <em>LIONS und 2016 mit unserem <\/em>Projekt <em>BELLE.<\/em><br \/>\nDas Weihnachtskonzert hat sich als fester Termin in unserem Veranstaltungskalender etabliert. Dar\u00fcber hinaus haben unsere Ch\u00f6re jedes Jahr Auftritte bei den verschiedensten Veranstaltungen (Fr\u00fchlingsfest bei der AWO, Konzerte, diverse Veranstaltungen etc.).<\/p>\n<p>Im Jahr 2016 bestitten auch unsere Nachwuchsch\u00f6re ihr erstes eigene Musical <em>Wundersame Weihnachtszeit<\/em>. Nach diesem gro\u00dfen Erfolg haben diese im Jahr 2018 das\u00a0 Musical <em>Vampir Winnie Wackelzahn<\/em> auf die B\u00fchne gebracht. Abwechselnd mit dem Weihnachtskonzert soll alle zwei Jahre ein eigenes Musical aufgef\u00fchrt werden.<\/p>\n<p>Wie man sieht sind wir bem\u00fcht, mit unserer Vereinsarbeit neue, unkonventionelle Wege zu gehen und ein stimmiges und zugleich abwechslungsreiches Konzept zu entwickeln, und hoffen, unsere Zuh\u00f6rer und Zuschauer auch in Zukunft mit sch\u00f6nen Konzerten und Musicalauff\u00fchrungen erfreuen zu k\u00f6nnen.<\/p>\n<p>Sollten Ihre Kinder mit dem Gedanken spielen, selbst in einem Chor aktiv zu werden, melden Sie sich bei uns oder schauen Sie unverbindlich in einer unserer Proben vorbei. Weitere Informationen zu den einzelnen Formationen finden Sie unter der entsprechenden Rubrik.<\/p>\n","protected":false},"excerpt":{"rendered":"<p>New Generation e.V. Burg besteht seit dem 02. M\u00e4rz 2008. Unser Konzept ist stark auf die Nachwuchsarbeit ausgerichtet, weshalb der Verein momentan aus dem Kinderchor DoReMi und dem Jugendchor Da Capo mit insgesamt etwa 50 jungen S\u00e4ngerinnen und S\u00e4ngern besteht. &hellip; <a href=\"https:\/\/newgeneration-burg.de\/?page_id=30\">Weiterlesen <span class=\"meta-nav\">&rarr;<\/span><\/a><\/p>\n","protected":false},"author":6,"featured_media":0,"parent":0,"menu_order":0,"comment_status":"closed","ping_status":"closed","template":"","meta":{"ngg_post_thumbnail":0,"footnotes":""},"class_list":["post-30","page","type-page","status-publish","hentry"],"_links":{"self":[{"href":"https:\/\/newgeneration-burg.de\/index.php?rest_route=\/wp\/v2\/pages\/30","targetHints":{"allow":["GET"]}}],"collection":[{"href":"https:\/\/newgeneration-burg.de\/index.php?rest_route=\/wp\/v2\/pages"}],"about":[{"href":"https:\/\/newgeneration-burg.de\/index.php?rest_route=\/wp\/v2\/types\/page"}],"author":[{"embeddable":true,"href":"https:\/\/newgeneration-burg.de\/index.php?rest_route=\/wp\/v2\/users\/6"}],"replies":[{"embeddable":true,"href":"https:\/\/newgeneration-burg.de\/index.php?rest_route=%2Fwp%2Fv2%2Fcomments&post=30"}],"version-history":[{"count":17,"href":"https:\/\/newgeneration-burg.de\/index.php?rest_route=\/wp\/v2\/pages\/30\/revisions"}],"predecessor-version":[{"id":868,"href":"https:\/\/newgeneration-burg.de\/index.php?rest_route=\/wp\/v2\/pages\/30\/revisions\/868"}],"wp:attachment":[{"href":"https:\/\/newgeneration-burg.de\/index.php?rest_route=%2Fwp%2Fv2%2Fmedia&parent=30"}],"curies":[{"name":"wp","href":"https:\/\/api.w.org\/{rel}","templated":true}]}}