{"id":7,"date":"2012-05-04T19:28:32","date_gmt":"2012-05-04T19:28:32","guid":{"rendered":"https:\/\/newgeneration5479.live-website.com\/?page_id=7"},"modified":"2024-12-19T11:01:47","modified_gmt":"2024-12-19T11:01:47","slug":"doremi","status":"publish","type":"page","link":"https:\/\/newgeneration-burg.de\/?page_id=7","title":{"rendered":"DoReMi"},"content":{"rendered":"<p>In unserem Kinderchor finden sich einmal w\u00f6chentlich unsere Kleinsten zusammen, um gemeinsam zu singen. Die derzeit 27 Kinder sind zwischen 3 und 11 Jahren alt und erlernen bei uns altersgerecht und auf spielerische Art die Grundlagen von Atemtechnik, Stimmbildung sowie Geh\u00f6rbildung. Dabei ist es unerheblich, ob sie schon lesen k\u00f6nnen. Auch <em>DoReMi<\/em> meistert pro Jahr etwa 2 bis 3 Auftritte.<\/p>\n<p><img loading=\"lazy\" decoding=\"async\" class=\"aligncenter size-large wp-image-968\" src=\"https:\/\/newgeneration5479.live-website.com\/wp-content\/uploads\/2024\/12\/DoReMi-2024-1024x768.jpg\" alt=\"\" width=\"640\" height=\"480\" srcset=\"https:\/\/newgeneration-burg.de\/wp-content\/uploads\/2024\/12\/DoReMi-2024-1024x768.jpg 1024w, https:\/\/newgeneration-burg.de\/wp-content\/uploads\/2024\/12\/DoReMi-2024-300x225.jpg 300w, https:\/\/newgeneration-burg.de\/wp-content\/uploads\/2024\/12\/DoReMi-2024-768x576.jpg 768w\" sizes=\"auto, (max-width: 640px) 100vw, 640px\" \/>Studien zeigen immer wieder, dass Kinder, die viel singen, hinsichtlich der Schultauglichkeit in einigen Bereichen besser abschneiden als Kinder, die wenig oder gar nicht singen. Vor allem die Entwicklung der Sprache und der sozialen Kompetenz, aber auch Ausdauer, Konzentrations- und Teamf\u00e4higkeit sowie Leistungswillen werden durch das gemeinsame Singen besonders gef\u00f6rdert.<\/p>\n<p>Nat\u00fcrlich steht der Spa\u00df bei uns im Vordergrund, denn nur Kinder, die mit Freude dabei sind, bleiben auch langfristig mit dem Verein verbunden. Daher wird die Probe unserer Kleinen stets durch eine etwa 15-min\u00fctige Spielpause aufgelockert, in der die Kinder ein gemeinsames Spiel bestimmen, bei dem sie sich austoben k\u00f6nnen. Danach kann die Probe umso gel\u00f6ster und konzentrierter weitergehen.<\/p>\n<p>Geprobt wird immer donnerstags von 16:30 bis 17:30 Uhr im Gemeinschaftsraum der Ambachtalschule in Burg (ausgenommen Ferien). Gerne k\u00f6nnen sich interessierte Kinder unverbindlich an einigen Proben beteiligen, um selbst zu entscheiden, ob ihnen dieses Hobby Spa\u00df machen k\u00f6nnte. N\u00e4here Informationen k\u00f6nnen vorab telefonisch unter 02772\/998075 bei Chorleiterin Sandra Sauerwald eingeholt werden.<\/p>\n","protected":false},"excerpt":{"rendered":"<p>In unserem Kinderchor finden sich einmal w\u00f6chentlich unsere Kleinsten zusammen, um gemeinsam zu singen. Die derzeit 27 Kinder sind zwischen 3 und 11 Jahren alt und erlernen bei uns altersgerecht und auf spielerische Art die Grundlagen von Atemtechnik, Stimmbildung sowie &hellip; <a href=\"https:\/\/newgeneration-burg.de\/?page_id=7\">Weiterlesen <span class=\"meta-nav\">&rarr;<\/span><\/a><\/p>\n","protected":false},"author":6,"featured_media":0,"parent":0,"menu_order":6,"comment_status":"closed","ping_status":"closed","template":"","meta":{"ngg_post_thumbnail":0,"footnotes":""},"class_list":["post-7","page","type-page","status-publish","hentry"],"_links":{"self":[{"href":"https:\/\/newgeneration-burg.de\/index.php?rest_route=\/wp\/v2\/pages\/7","targetHints":{"allow":["GET"]}}],"collection":[{"href":"https:\/\/newgeneration-burg.de\/index.php?rest_route=\/wp\/v2\/pages"}],"about":[{"href":"https:\/\/newgeneration-burg.de\/index.php?rest_route=\/wp\/v2\/types\/page"}],"author":[{"embeddable":true,"href":"https:\/\/newgeneration-burg.de\/index.php?rest_route=\/wp\/v2\/users\/6"}],"replies":[{"embeddable":true,"href":"https:\/\/newgeneration-burg.de\/index.php?rest_route=%2Fwp%2Fv2%2Fcomments&post=7"}],"version-history":[{"count":29,"href":"https:\/\/newgeneration-burg.de\/index.php?rest_route=\/wp\/v2\/pages\/7\/revisions"}],"predecessor-version":[{"id":974,"href":"https:\/\/newgeneration-burg.de\/index.php?rest_route=\/wp\/v2\/pages\/7\/revisions\/974"}],"wp:attachment":[{"href":"https:\/\/newgeneration-burg.de\/index.php?rest_route=%2Fwp%2Fv2%2Fmedia&parent=7"}],"curies":[{"name":"wp","href":"https:\/\/api.w.org\/{rel}","templated":true}]}}